{"id":179,"date":"2017-08-02T20:33:46","date_gmt":"2017-08-02T20:33:46","guid":{"rendered":"http:\/\/brauen.hopfenbote.de\/wp\/?page_id=2"},"modified":"2023-12-07T22:07:32","modified_gmt":"2023-12-07T21:07:32","slug":"sample-page","status":"publish","type":"page","link":"https:\/\/brauen.hopfenbote.de\/blog\/","title":{"rendered":"Startseite"},"content":{"rendered":"<p><a href=\"http:\/\/178.254.28.211\/wp\/wp-content\/uploads\/2017\/12\/Flaschen.jpg\"><img loading=\"lazy\" decoding=\"async\" class=\"alignright size-medium wp-image-148\" src=\"http:\/\/178.254.28.211\/wp\/wp-content\/uploads\/2017\/12\/Flaschen-300x200.jpg\" alt=\"Die ersten sieben Biere\" width=\"300\" height=\"200\" srcset=\"https:\/\/brauen.hopfenbote.de\/blog\/wp-content\/uploads\/2017\/12\/Flaschen-300x200.jpg 300w, https:\/\/brauen.hopfenbote.de\/blog\/wp-content\/uploads\/2017\/12\/Flaschen-1024x683.jpg 1024w, https:\/\/brauen.hopfenbote.de\/blog\/wp-content\/uploads\/2017\/12\/Flaschen-768x512.jpg 768w, https:\/\/brauen.hopfenbote.de\/blog\/wp-content\/uploads\/2017\/12\/Flaschen-1536x1024.jpg 1536w, https:\/\/brauen.hopfenbote.de\/blog\/wp-content\/uploads\/2017\/12\/Flaschen-2048x1365.jpg 2048w, https:\/\/brauen.hopfenbote.de\/blog\/wp-content\/uploads\/2017\/12\/Flaschen-1568x1045.jpg 1568w\" sizes=\"auto, (max-width: 300px) 100vw, 300px\" \/><\/a><\/p>\n<ol>\n<li><a title=\"Sud Nr. 1: Pale Ale\" href=\"http:\/\/brauen.hopfenbote.de\/wp\/?p=16\">Pale Ale<\/a><\/li>\n<li><a title=\"Sud Nr. 2: Cascade Wie\u00df\" href=\"http:\/\/brauen.hopfenbote.de\/wp\/?p=18\">Cascade Wie\u00df<\/a><\/li>\n<li><a title=\"Sud Nr. 3: Weihnachtsbier 2017\" href=\"http:\/\/brauen.hopfenbote.de\/wp\/?p=20\">Weihnachtsbier 2017 (Dubbel)<\/a><\/li>\n<li><a title=\"Sud Nr. 4: Bonner Alt\" href=\"http:\/\/brauen.hopfenbote.de\/wp\/?p=24\">Bonner Alt<\/a><\/li>\n<li><a title=\"Sud Nr. 5: Sommer-Wit\" href=\"http:\/\/brauen.hopfenbote.de\/wp\/?p=26\">Sommer-Wit<\/a><\/li>\n<li><a title=\"Sud Nr. 6: IPA\" href=\"http:\/\/brauen.hopfenbote.de\/wp\/?p=46\">IPA<\/a><\/li>\n<li><a title=\"Sud Nr. 7: Fruchtbiere\" href=\"http:\/\/brauen.hopfenbote.de\/wp\/?p=57\">Fruchtbiere<\/a><\/li>\n<li><a title=\"Sud Nr. 8: Last Beer Of The Year\" href=\"http:\/\/brauen.hopfenbote.de\/wp\/?p=173\">Imperial Stout<\/a><\/li>\n<li><a title=\"Sud Nr. 9: Rhabarber-Ale\" href=\"http:\/\/brauen.hopfenbote.de\/wp\/?p=193\">Rhabarber-Ale<\/a><\/li>\n<li><a title=\"Sud Nr. 10: Dink\u00f6lsch\" href=\"http:\/\/brauen.hopfenbote.de\/wp\/?p=221\">Dink\u00f6lsch<\/a><\/li>\n<li>American IPA<\/li>\n<li>Barley-Wine<\/li>\n<li>Pale Ale<\/li>\n<li><a title=\"Sud Nr. 14: Dat Dit\" href=\"http:\/\/brauen.hopfenbote.de\/wp\/?p=286\">Dat Dit (Dinkel-Witbier)<\/a><\/li>\n<li>Bonner Alt 2019<\/li>\n<li>Kveik-Ale<\/li>\n<li>Wie\u00df mit Perle<\/li>\n<li>Bonner Alt \/ Schlehen-Alt II<\/li>\n<li>Westf\u00e4lisches Alt<\/li>\n<li>Pale Ale 2021<\/li>\n<li>Wit 2021<\/li>\n<li><a href=\"https:\/\/brauen.hopfenbote.de\/blog\/?p=374\">Twelve Beers of Christmas: Saffron Tripel<\/a><\/li>\n<li>Thirst Date (Brown Ale mit Datteln)<\/li>\n<li>Pale Ale 2022<\/li>\n<li><a href=\"https:\/\/brauen.hopfenbote.de\/blog\/?p=410\">Twelve Beers of Christmas: Gingerbread Ale<\/a><\/li>\n<li><a href=\"https:\/\/brauen.hopfenbote.de\/blog\/?p=434\">Twelve Beers of Christmas: Amber Ale mit Bratapfel<\/a><\/li>\n<\/ol>\n\n\n<p><\/p>\n\n\n\n<p><\/p>\n","protected":false},"excerpt":{"rendered":"<p>Pale Ale Cascade Wie\u00df Weihnachtsbier 2017 (Dubbel) Bonner Alt Sommer-Wit IPA Fruchtbiere Imperial Stout Rhabarber-Ale Dink\u00f6lsch American IPA Barley-Wine Pale Ale Dat Dit (Dinkel-Witbier) Bonner Alt 2019 Kveik-Ale Wie\u00df mit Perle Bonner Alt \/ Schlehen-Alt II Westf\u00e4lisches Alt Pale Ale 2021 Wit 2021 Twelve Beers of Christmas: Saffron Tripel Thirst Date (Brown Ale mit Datteln) [&hellip;]<\/p>\n","protected":false},"author":1,"featured_media":0,"parent":0,"menu_order":1,"comment_status":"open","ping_status":"open","template":"","meta":{"footnotes":""},"class_list":["post-179","page","type-page","status-publish","hentry"],"_links":{"self":[{"href":"https:\/\/brauen.hopfenbote.de\/blog\/index.php?rest_route=\/wp\/v2\/pages\/179","targetHints":{"allow":["GET"]}}],"collection":[{"href":"https:\/\/brauen.hopfenbote.de\/blog\/index.php?rest_route=\/wp\/v2\/pages"}],"about":[{"href":"https:\/\/brauen.hopfenbote.de\/blog\/index.php?rest_route=\/wp\/v2\/types\/page"}],"author":[{"embeddable":true,"href":"https:\/\/brauen.hopfenbote.de\/blog\/index.php?rest_route=\/wp\/v2\/users\/1"}],"replies":[{"embeddable":true,"href":"https:\/\/brauen.hopfenbote.de\/blog\/index.php?rest_route=%2Fwp%2Fv2%2Fcomments&post=179"}],"version-history":[{"count":5,"href":"https:\/\/brauen.hopfenbote.de\/blog\/index.php?rest_route=\/wp\/v2\/pages\/179\/revisions"}],"predecessor-version":[{"id":452,"href":"https:\/\/brauen.hopfenbote.de\/blog\/index.php?rest_route=\/wp\/v2\/pages\/179\/revisions\/452"}],"wp:attachment":[{"href":"https:\/\/brauen.hopfenbote.de\/blog\/index.php?rest_route=%2Fwp%2Fv2%2Fmedia&parent=179"}],"curies":[{"name":"wp","href":"https:\/\/api.w.org\/{rel}","templated":true}]}}